{"id":45,"date":"2016-05-24T10:36:32","date_gmt":"2016-05-24T08:36:32","guid":{"rendered":"http:\/\/bauchl.v22015032739124120.yourvserver.net\/wordpress\/?page_id=45"},"modified":"2025-01-12T13:58:48","modified_gmt":"2025-01-12T12:58:48","slug":"babymassage","status":"publish","type":"page","link":"https:\/\/deine-hebamme-kerpen.de\/?page_id=45","title":{"rendered":"Babymassage"},"content":{"rendered":"<div style=\"text-align: center;\"><em>Ber\u00fchrt, gestreichelt und massiert werden, das ist Nahrung f\u00fcr das Kind.<\/em><\/div>\n<div style=\"text-align: center;\"><em>Nahrung, die genauso wichtig ist, wie Mineralien, Vitamine und Proteine.<\/em><\/div>\n<div style=\"text-align: center;\"><em>Nahrung, die Liebe ist.<\/em><\/div>\n<div style=\"text-align: center;\"><em>Wenn ein Kind sie entbehren mu\u00df, will es lieber sterben.<\/em><\/div>\n<div style=\"text-align: center;\"><em>Und nicht selten stirbt es wirklich.<\/em><\/div>\n<div>&nbsp;<\/div>\n<div style=\"text-align: right;\"><strong>&#8211; Frederick Leboyer-<\/strong><\/div>\n<p>Babys, die regelm\u00e4\u00dfig massiert werden, schreien weniger, schlafen besser und sind aufmerksamer.<br \/>\nDurch die Massage ist das Kind entspannter und bekommt mehr Sicherheit und Geborgenheit.<br \/>\nDurch die Massage wird der Verdauungstrakt stimuliert und kann f\u00fcr&nbsp; Babys mit Bl\u00e4hungen hilfreich sein.<br \/>\nDurch die Massage wird die Durchblutung der Haut gef\u00f6rdert.<\/p>\n<p>Ein Kurs dauert immer 4 Wochen (4 Termine) und kostet je Termin 10\u20ac.<br \/>\nDie Krankenkassen erstatten diesen Betrag nicht.<br \/>\nDa die Termine aufeinander aufbauen ist ein Einstieg nur sp\u00e4testens zum zweiten Termin m\u00f6glich.<\/p>\n<p>&nbsp;<\/p>\n<p>&nbsp;<\/p>\n","protected":false},"excerpt":{"rendered":"<p>Ber\u00fchrt, gestreichelt und massiert werden, das ist Nahrung f\u00fcr das Kind. Nahrung, die genauso wichtig ist, wie Mineralien, Vitamine und Proteine. Nahrung, die Liebe ist. Wenn ein Kind sie entbehren mu\u00df, will es lieber sterben. Und nicht selten stirbt es wirklich. &nbsp; &#8211; Frederick Leboyer- Babys, die regelm\u00e4\u00dfig massiert werden, schreien weniger, schlafen besser und [&hellip;]<\/p>\n","protected":false},"author":1,"featured_media":66,"parent":0,"menu_order":0,"comment_status":"closed","ping_status":"closed","template":"","meta":{"ngg_post_thumbnail":0,"footnotes":""},"class_list":["post-45","page","type-page","status-publish","has-post-thumbnail","hentry"],"_links":{"self":[{"href":"https:\/\/deine-hebamme-kerpen.de\/index.php?rest_route=\/wp\/v2\/pages\/45","targetHints":{"allow":["GET"]}}],"collection":[{"href":"https:\/\/deine-hebamme-kerpen.de\/index.php?rest_route=\/wp\/v2\/pages"}],"about":[{"href":"https:\/\/deine-hebamme-kerpen.de\/index.php?rest_route=\/wp\/v2\/types\/page"}],"author":[{"embeddable":true,"href":"https:\/\/deine-hebamme-kerpen.de\/index.php?rest_route=\/wp\/v2\/users\/1"}],"replies":[{"embeddable":true,"href":"https:\/\/deine-hebamme-kerpen.de\/index.php?rest_route=%2Fwp%2Fv2%2Fcomments&post=45"}],"version-history":[{"count":10,"href":"https:\/\/deine-hebamme-kerpen.de\/index.php?rest_route=\/wp\/v2\/pages\/45\/revisions"}],"predecessor-version":[{"id":1850,"href":"https:\/\/deine-hebamme-kerpen.de\/index.php?rest_route=\/wp\/v2\/pages\/45\/revisions\/1850"}],"wp:featuredmedia":[{"embeddable":true,"href":"https:\/\/deine-hebamme-kerpen.de\/index.php?rest_route=\/wp\/v2\/media\/66"}],"wp:attachment":[{"href":"https:\/\/deine-hebamme-kerpen.de\/index.php?rest_route=%2Fwp%2Fv2%2Fmedia&parent=45"}],"curies":[{"name":"wp","href":"https:\/\/api.w.org\/{rel}","templated":true}]}}